{"id":2120,"date":"2023-10-23T12:49:45","date_gmt":"2023-10-23T12:49:45","guid":{"rendered":"https:\/\/161.111.72.13\/mortella\/?page_id=2120"},"modified":"2023-10-25T10:07:51","modified_gmt":"2023-10-25T10:07:51","slug":"credits","status":"publish","type":"page","link":"https:\/\/usig-proyectos.cchs.csic.es\/mortella\/credits\/","title":{"rendered":"credits"},"content":{"rendered":"\t\t<div data-elementor-type=\"wp-page\" data-elementor-id=\"2120\" class=\"elementor elementor-2120\">\n\t\t\t\t\t\t\t\t\t<section class=\"elementor-section elementor-top-section elementor-element elementor-element-7d3adfd elementor-section-full_width elementor-section-height-default elementor-section-height-default\" data-id=\"7d3adfd\" data-element_type=\"section\">\n\t\t\t\t\t\t<div class=\"elementor-container elementor-column-gap-default\">\n\t\t\t\t\t<div class=\"elementor-column elementor-col-100 elementor-top-column elementor-element elementor-element-9628888\" data-id=\"9628888\" data-element_type=\"column\">\n\t\t\t<div class=\"elementor-widget-wrap elementor-element-populated\">\n\t\t\t\t\t\t\t\t<div class=\"elementor-element elementor-element-16ea5e2 elementor-widget elementor-widget-heading\" data-id=\"16ea5e2\" data-element_type=\"widget\" data-widget_type=\"heading.default\">\n\t\t\t\t<div class=\"elementor-widget-container\">\n\t\t\t<style>\/*! elementor - v3.15.0 - 09-08-2023 *\/\n.elementor-heading-title{padding:0;margin:0;line-height:1}.elementor-widget-heading .elementor-heading-title[class*=elementor-size-]>a{color:inherit;font-size:inherit;line-height:inherit}.elementor-widget-heading .elementor-heading-title.elementor-size-small{font-size:15px}.elementor-widget-heading .elementor-heading-title.elementor-size-medium{font-size:19px}.elementor-widget-heading .elementor-heading-title.elementor-size-large{font-size:29px}.elementor-widget-heading .elementor-heading-title.elementor-size-xl{font-size:39px}.elementor-widget-heading .elementor-heading-title.elementor-size-xxl{font-size:59px}<\/style><h1 class=\"elementor-heading-title elementor-size-default\">bibliography<\/h1>\t\t<\/div>\n\t\t\t\t<\/div>\n\t\t\t\t<div class=\"elementor-element elementor-element-45354e6 elementor-widget elementor-widget-text-editor\" data-id=\"45354e6\" data-element_type=\"widget\" data-widget_type=\"text-editor.default\">\n\t\t\t\t<div class=\"elementor-widget-container\">\n\t\t\t<style>\/*! elementor - v3.15.0 - 09-08-2023 *\/\n.elementor-widget-text-editor.elementor-drop-cap-view-stacked .elementor-drop-cap{background-color:#69727d;color:#fff}.elementor-widget-text-editor.elementor-drop-cap-view-framed .elementor-drop-cap{color:#69727d;border:3px solid;background-color:transparent}.elementor-widget-text-editor:not(.elementor-drop-cap-view-default) .elementor-drop-cap{margin-top:8px}.elementor-widget-text-editor:not(.elementor-drop-cap-view-default) .elementor-drop-cap-letter{width:1em;height:1em}.elementor-widget-text-editor .elementor-drop-cap{float:left;text-align:center;line-height:1;font-size:50px}.elementor-widget-text-editor .elementor-drop-cap-letter{display:inline-block}<\/style>\t\t\t\t<ol>\n \t<li><span style=\"color: #000000;\">Milanese, Marco, 2023, <\/span><span style=\"color: #000000;\"> \u00ab <\/span><span style=\"color: #000000;\">Post-Medieval Wrecks in the Western Mediterranean and Pottery: The Mortella II Wreck (1527) and the Chronology of Montelupo Tin-Glazed Earthenware<\/span><span style=\"color: #000000;\"> \u00bb<\/span><span style=\"color: #000000;\">, Heritage 6, no. 2, p. 2056-2078.\n<a href=\"https:\/\/doi.org\/10.3390\/heritage6020111\">https:\/\/doi.org\/10.3390\/heritage6020111<\/a> (\u00faltimo acceso: 11 de mayo de 2023)<\/span><\/li>\n \t<li><span style=\"color: #000000;\">Cazenave de la Roche, Arnaud, and Ciacchella, Fabrizio. 2023. <\/span><span style=\"color: #000000;\"> \u00ab <\/span><span style=\"color: #000000;\">The Mortella II Wreck, a Genoese Merchantman Sunk in 1527 in Corsica (Saint-Florent, France): A Preliminary Assessment of the Site, Hull Structures and Artefacts<\/span><span style=\"color: #000000;\"> \u00bb<\/span><span style=\"color: #000000;\">,<\/span><span style=\"color: #000000;\"> In Ship Archaeology and Material Culture: Artifacts, Representations, Structures, Narratives, Materialities (16th-19th Centuries). Editors: Crespo solana, Ana y Manuel Casimiro, T\u00e2nia. Heritage 6, no. 2, p. 1028-1068. DOI: <a href=\"https:\/\/doi.org\/10.3390\/heritage6020058\">https:\/\/doi.org\/10.3390\/heritage6020058<\/a> (\u00faltimo acceso: 11 de mayo de 2023)<\/span><\/li>\n \t<li><span style=\"color: #000000;\">Cazenave de la Roche, Arnaud; Ciacchella, Fabrizio; Gu\u00e9rout, Max; Langenegger, Fabien; Milanese, Marco; Crespo Solana, Ana. 2022, <\/span><span style=\"color: #000000;\"> \u00ab <\/span><span style=\"color: #000000;\">Review of the research programme on the Mortella III wreck (2010-2020, Corsica, France): A contribution to the knowledge of the Mediterranean naval architecture and material culture of the Renaissance<\/span><span style=\"color: #000000;\"> \u00bb<\/span><span style=\"color: #000000;\">,<\/span><span style=\"color: #000000;\"> in Open Research Europe ORE, Ed. F1000 Research Publishing, 2:6.\n<a>https:\/\/doi.org\/10.12688\/openreseurope.13942.1<\/a> (\u00faltimo acceso: 11 de mayo de 2023)<\/span><\/li>\n \t<li><span style=\"color: #000000;\">Cazenave de la Roche, Arnaud, 2021, <\/span><span style=\"color: #000000;\"> \u00ab <\/span><span style=\"color: #000000;\">L\u2019\u00e9pave de la Mortella III (Saint-Florent, Haute-Corse) : un \u00e9clairage sur la construction navale au XVI\u00e8me si\u00e8cle<\/span><span style=\"color: #000000;\"> \u00bb<\/span><span style=\"color: #000000;\">,<\/span><span style=\"color: #000000;\"> en M\u00e9diterran\u00e9e. Arch\u00e9ologie Moderne et Contemporaine 08, Editions Mergoil, Dr\u00e9mil-Lafage. 291 pages. ISBN : 978-2-35518-113-9 <a href=\" https:\/\/www.editions-mergoil.com\/fr\/archeologie-moderne-et-contemporaine\/269-lepave-de-la-mortella-iii-9782355181139.html\">\nhttps:\/\/www.editions-mergoil.com\/fr\/archeologie-moderne-et-contemporaine\/269-lepave-de-la-mortella-iii-9782355181139.html\n<\/a><\/span><\/li>\n \t<li><span style=\"color: #000000;\">Cazenave de la Roche, Arnaud, 2021, \u00ab Prospection inventaire au large de Saint-Florent, Haute-Corse (EA624, EA623)<\/span><span style=\"color: #000000;\"> \u00bb<\/span><span style=\"color: #000000;\">,<\/span><span style=\"color: #000000;\"> in Bilan Scientifique du D\u00e9partement des Recherches Arch\u00e9ologiques Subaquatiques et Sous-Marines de l&#8217;ann\u00e9e 2006-2007. Edit\u00e9 par le Minist\u00e8re de la Culture et de la Communication, p.123 \u00e0 127. ISSN: 1249-3163. Online: <a href=\"https:\/\/www.culture.gouv.fr\/Media\/Thematiques\/Archeologie\/Fichier-PDF\/Drassm_bilan\/Bilan-scientifique-2006-2007\">https:\/\/www.culture.gouv.fr\/Media\/Thematiques\/Archeologie\/Fichier-PDF\/Drassm_bilan\/Bilan-scientifique-2006-2007<\/a> (\u00faltimo acceso: 11 de mayo de 2023)<\/span><\/li>\n \t<li><span style=\"color: #000000;\">Cazenave de la Roche, Arnaud, 2020, <\/span><span style=\"color: #000000;\"> \u00ab <\/span><span style=\"color: #000000;\">The Mortella III wreck: a spotlight on Mediterranean Shipbuilding of the 16th century<\/span><span style=\"color: #000000;\"> \u00bb<\/span><span style=\"color: #000000;\">,<\/span><span style=\"color: #000000;\"> British Archaeology Report, BAR International Series 2976, BAR Publishing, Oxford. ISBN: 9781407356228. DOI <a href=\"https:\/\/doi.org\/10.30861\/9781407354132\">https:\/\/doi.org\/10.30861\/9781407354132<\/a>\n<\/span><\/li>\n \t<li><span style=\"color: #000000;\">Cazenave de la Roche, Arnaud, 2020, <\/span><span style=\"color: #000000;\"> \u00ab <\/span><span style=\"color: #000000;\">L\u2019\u00e9pave de la Mortella 3 AE623 (1527, Corse) : Bilan de la campagne de fouille de l\u2019ann\u00e9e 2014<\/span><span style=\"color: #000000;\"> \u00bb<\/span><span style=\"color: #000000;\">,<\/span><span style=\"color: #000000;\"> In Bilan scientifique du D\u00e9partement des Recherches Arch\u00e9ologiques Subaquatiques et Sous-Marines. Bilan Scientifique de l&#8217;ann\u00e9e 2014. Edit\u00e9 par le Minist\u00e8re de la Culture et de la Communication, 2020, p.103-106. ISSN 1249-3163. Online: <a href=\"http:\/\/hdl.handle.net\/10261\/246918\">http:\/\/hdl.handle.net\/10261\/246918<\/a>\n<\/span><\/li>\n \t<li><span style=\"color: #000000;\">Cazenave de la Roche, Arnaud, 2019, <\/span><span style=\"color: #000000;\"> \u00ab <\/span><span style=\"color: #000000;\">La construction navale au XVI\u00e8me si\u00e8cle en M\u00e9diterran\u00e9e : l\u2019apport de l\u2019\u00e9pave de la Mortella III (Saint-Florent, Haute-Corse)<\/span><span style=\"color: #000000;\"> \u00bb<\/span><span style=\"color: #000000;\">,<\/span><span style=\"color: #000000;\"> position de th\u00e8se, in Revue d\u2019Histoire Maritime, Presses Sorbonne Universit\u00e9, 2019, p.189-200. Open Access: <a href=\"https:\/\/sup.sorbonne-universite.fr\/catalogue\/revues\/revue-dhistoire-maritime\/26-financer-lentreprise-maritime\">https:\/\/sup.sorbonne-universite.fr\/catalogue\/revues\/revue-dhistoire-maritime\/26-financer-lentreprise-maritime<\/a> (\u00faltimo acceso: 17 de abril de 2023)<\/span><\/li>\n \t<li><span style=\"color: #000000;\">Cazenave de la Roche, Arnaud, 2018, \u00ab La construction navale au XVI\u00e8me si\u00e8cle en M\u00e9diterran\u00e9e : l\u2019apport de l\u2019\u00e9pave de la Mortella III (Saint-Florent, Haute-Corse) \u00bb, Doctoral Thesis, Universit\u00e9 de Paris-Sorbonne, F\u00e9vrier 2018. <a href=\"http:\/\/dx.doi.org\/10.20350\/digitalCSIC\/13976\">http:\/\/dx.doi.org\/10.20350\/digitalCSIC\/13976<\/a> (\u00faltimo acceso: 11 de mayo de 2023)<\/span><\/li>\n \t<li><span style=\"color: #000000;\">Cazenave de la Roche, Arnaud, 2017, <\/span><span style=\"color: #000000;\"> \u00ab <\/span><span style=\"color: #000000;\">Les \u00e9paves de la Mortella: Le t\u00e9moignage de grands vaisseaux m\u00e9diterran\u00e9ens du XVI\u00e8me s. naufrag\u00e9s en Corse<\/span><span style=\"color: #000000;\"> \u00bb<\/span><span style=\"color: #000000;\">,<\/span><span style=\"color: #000000;\"> in Secrets d\u2019\u00e9paves, 50 ans d\u2019arch\u00e9ologie sous-marine en Corse. Catalogue d\u2019exposition. Edition of the Bastia Museum, July 2017, p.54-59. ISBN: 979-10-93686-04-2.<\/span><\/li>\n \t<li><span style=\"color: #000000;\">Cazenave de la Roche, Arnaud, 2016, <\/span><span style=\"color: #000000;\"> \u00ab <\/span><span style=\"color: #000000;\">El pecio de la Mortella III (C\u00f3rcega, Francia): un aporte al conocimiento de la arquitectura naval del siglo XVI en el Mediterr\u00e1neo<\/span><span style=\"color: #000000;\"> \u00bb<\/span><span style=\"color: #000000;\">, <\/span><span style=\"color: #000000;\">Proceedings of Internationaler Kongre\u00df f\u00fcr Unterwasserarch\u00e4ologie, IKUWA V, \u201cHeritage for Mankind\u201d. Ed. Museo Nacional de Arqueolog\u00eda Subacu\u00e1tica. Cartagena, Spain 15-18oct.2014, p.853-870. Online: <a href=\"https:\/\/www.researchgate.net\/profile\/Arnaud-Cazenave-De-La-Roche\/publication\/348621723_El_pecio_de_la_Mortella_III_Corcega_Francia_un_aporte_al_conocimiento_de_la_arquitectura_naval_del_siglo_XVI_en_el_Mediterraneo\/links\/600809a9299bf14088aa8088\/El-pecio-de-la-Mortella-III-Corcega-Francia-un-aporte-al-conocimiento-de-la-arquitectura-naval-del-siglo-XVI-en-el-Mediterraneo.pdf\">www.researchgate.net<\/a> (\u00faltimo acceso: 11 de mayo de 2023)<\/span><\/li>\n \t<li><span style=\"color: #000000;\">Cazenave de la Roche, Arnaud, 2016, <\/span><span style=\"color: #000000;\"> \u00ab <\/span><span style=\"color: #000000;\">L\u2019\u00e9pave Mortella 3, EA 623 : Bilan scientifique de la campagne de fouille de l\u2019ann\u00e9e 2013<\/span><span style=\"color: #000000;\"> \u00bb<\/span><span style=\"color: #000000;\">,<\/span><span style=\"color: #000000;\"> in Bilan scientifique du D\u00e9partement des Recherches Arch\u00e9ologiques Subaquatiques et Sous-Marines. Bilan Scientifique de l&#8217;ann\u00e9e 2014. Edit\u00e9 par le Minist\u00e8re de la Culture et de la Communication, p.106-109. Online : <a href=\"http:\/\/hdl.handle.net\/10261\/246926\">https:\/\/digital.csic.es\/handle\/10261\/246926<\/a> (\u00faltimo acceso: 11 de mayo de 2023)<\/span><\/li>\n \t<li><span style=\"color: #000000;\">Cazenave de la Roche, Arnaud, 2016, \u00ab L\u2019\u00e9pave de la Mortella III (Saint-Florent, Haute-Corse) : le t\u00e9moignage d\u2019un grand vaisseau m\u00e9diterran\u00e9en du XVI\u00e8me si\u00e8cle naufrag\u00e9 en Corse <\/span><span style=\"color: #000000;\"> \u00bb<\/span><span style=\"color: #000000;\">,<\/span><span style=\"color: #000000;\"> in Naufrages, \u00e9paves et arch\u00e9ologie sous-marine. Actes des Dix-septi\u00e8mes Journ\u00e9es Universitaires d&#8217;Histoire Maritime de Bonifacio du 23 mai 2015. Dir. Michel Verg\u00e9-Franceschi, Ed. Alain Piazzola, p.95-120. ISBN : 978-2-36470-460-2.<\/span><\/li>\n \t<li><span style=\"color: #000000;\">Cazenave de la Roche, Arnaud, 2014, <\/span><span style=\"color: #000000;\"> \u00ab <\/span><span style=\"color: #000000;\">L\u2019\u00c9pave de la Mortella III (1527, Corse) EA 623<\/span><span style=\"color: #000000;\"> \u00bb<\/span><span style=\"color: #000000;\">,<\/span><span style=\"color: #000000;\"> in In Bilan scientifique du D\u00e9partement des Recherches Arch\u00e9ologiques Subaquatiques et Sous-Marines. Bilan Scientifique de l&#8217;ann\u00e9e 2010. Edit\u00e9 par le Minist\u00e8re de la Culture et de la Communication, p.69-72. ISSN: 1249-3163. Online: <a href=\"https:\/\/www.culture.gouv.fr\/Media\/Thematiques\/Archeologie\/Fichier-PDF\/Drassm_bilan\/Bilan-scientifique-2010\">https:\/\/www.culture.gouv.fr\/Media\/Thematiques\/Archeologie\/Fichier-PDF\/Drassm_bilan\/Bilan-scientifique-2010 <\/a> (\u00faltimo acceso: 11 de mayo de 2023)<\/span><\/li>\n \t<li><span style=\"color: #000000;\">Cazenave de la Roche, Arnaud, 2011,<\/span><span style=\"color: #000000;\"> \u00ab <\/span><span style=\"color: #000000;\">The Renaissance shipwrecks of the Saint-Florent bay (Mortella II and III) two sites of a high archaeological potential in Corsica (France)<\/span><span style=\"color: #000000;\"> \u00bb<\/span><span style=\"color: #000000;\">, i<\/span><span style=\"color: #000000;\">n International Journal of Nautical Archaeology, IJNA, 40.1, p. 69-86, 2011. ISSN: 1095-9270 DOI: <a href=\"https:\/\/doi.org\/10.1111\/j.1095-9270.2010.00270.x\">https:\/\/doi.org\/10.1111\/j.1095-9270.2010.00270.x<\/a> (\u00faltimo acceso: 11 de mayo de 2023)<\/span><\/li>\n \t<li><span style=\"color: #000000;\">Cazenave de la Roche, Arnaud, 2009, <\/span><span style=\"color: #000000;\"> \u00ab <\/span><span style=\"color: #000000;\">Observations pr\u00e9liminaires sur des sites arch\u00e9ologiques de la p\u00e9riode de la Renaissance dans la baie de Saint-Florent (Haute-Corse)<\/span><span style=\"color: #000000;\"> \u00bb<\/span><span style=\"color: #000000;\">,<\/span><span style=\"color: #000000;\"> Les Cahiers d\u2019Arch\u00e9ologie Subaquatique \u2013CAS-. Novembre\/d\u00e9cembre 2009, n\u00baXVII, p.5 \u2013 53.<\/span><\/li>\n \t<li><span style=\"color: #000000;\">Cazenave de la Roche, Arnaud, 2008, \u00ab La Mortella II et III : des \u00e9paves de vaisseaux de la Renaissance dans la baie de Saint-Florent<\/span><span style=\"color: #000000;\"> \u00bb<\/span><span style=\"color: #000000;\">,<\/span><span style=\"color: #000000;\"> Stantari, Novembre 2008. ISSN: 1774-8615 <\/span><\/li>\n \t<li><span style=\"color: #000000;\">Cazenave de la Roche, Arnaud, 2006, \u00ab Corse : Un vaisseau de la Renaissance dans la baie de Saint-Florent<\/span><span style=\"color: #000000;\"> \u00bb<\/span><span style=\"color: #000000;\">,<\/span><span style=\"color: #000000;\"> in Arch\u00e9ologia n\u00b0430, p. 6-8. 2006. ISSN: 0570-6270. Online: <a href=\"https:\/\/www.academia.edu\/10234624\/_Corse_Un_vaisseau_de_la_Renaissance_dans_la_baie_de_Saint_Florent_\">https:\/\/www.academia.edu\/10234624\/_Corse_Un_vaisseau_de_la_Renaissance_dans_la_baie_de_Saint_Florent_<\/a> (\u00faltimo acceso: 11 de mayo de 2023)<\/span><\/li>\n<\/ol>\t\t\t\t\t\t<\/div>\n\t\t\t\t<\/div>\n\t\t\t\t<div class=\"elementor-element elementor-element-1f30134 elementor-align-center elementor-widget elementor-widget-button\" data-id=\"1f30134\" data-element_type=\"widget\" data-widget_type=\"button.default\">\n\t\t\t\t<div class=\"elementor-widget-container\">\n\t\t\t\t\t<div class=\"elementor-button-wrapper\">\n\t\t\t<a class=\"elementor-button elementor-button-link elementor-size-lg\" href=\"https:\/\/digital.csic.es\/cris\/project\/pj00262\" target=\"_blank\">\n\t\t\t\t\t\t<span class=\"elementor-button-content-wrapper\">\n\t\t\t\t\t\t<span class=\"elementor-button-text\"><font style=\"color: #ffffff\">Digital <\/font><font style=\"color: red\">CSIC<\/font><\/span>\n\t\t<\/span>\n\t\t\t\t\t<\/a>\n\t\t<\/div>\n\t\t\t\t<\/div>\n\t\t\t\t<\/div>\n\t\t\t\t\t<\/div>\n\t\t<\/div>\n\t\t\t\t\t\t\t<\/div>\n\t\t<\/section>\n\t\t\t\t<section class=\"elementor-section elementor-top-section elementor-element elementor-element-451a0ec elementor-section-full_width elementor-section-height-default elementor-section-height-default\" data-id=\"451a0ec\" data-element_type=\"section\">\n\t\t\t\t\t\t<div class=\"elementor-container elementor-column-gap-default\">\n\t\t\t\t\t<div class=\"elementor-column elementor-col-100 elementor-top-column elementor-element elementor-element-ece4d2c\" data-id=\"ece4d2c\" data-element_type=\"column\">\n\t\t\t<div class=\"elementor-widget-wrap elementor-element-populated\">\n\t\t\t\t\t\t\t\t<div class=\"elementor-element elementor-element-2297956 elementor-widget elementor-widget-heading\" data-id=\"2297956\" data-element_type=\"widget\" data-widget_type=\"heading.default\">\n\t\t\t\t<div class=\"elementor-widget-container\">\n\t\t\t<h1 class=\"elementor-heading-title elementor-size-default\">CrEdits<\/h1>\t\t<\/div>\n\t\t\t\t<\/div>\n\t\t\t\t<div class=\"elementor-element elementor-element-93d574f elementor-widget elementor-widget-text-editor\" data-id=\"93d574f\" data-element_type=\"widget\" data-widget_type=\"text-editor.default\">\n\t\t\t\t<div class=\"elementor-widget-container\">\n\t\t\t\t\t\t\t<p>Photographs taken by:<\/p><ul><li>Christoph Gerigk<\/li><li><a href=\"https:\/\/www.cean-seas.org\/le-centre\">Centre d\u2019Etudes en Arch\u00e9ologie Nautique (CEAN)<\/a><\/li><\/ul><p>The excavation of the Mortella wrecks was carried out by:<\/p><ul><li><a href=\"https:\/\/www.cean-seas.org\/le-centre\">Centre d\u2019Etudes en Arch\u00e9ologie Nautique (CEAN)<\/a><\/li><\/ul><p>Ceramic studies carried out by:<\/p><ul><li>Franck Allegrini Simonetti (<a href=\"https:\/\/www.culture.gouv.fr\/en\/Regions\/DRAC-Corse\/The-Directorate-General-for-Cultural-Affairs-DRAC-of-Corsica\/L-Archeologie-a-la-DRAC-de-Corse\">Department of Archaeology of Corsica<\/a>)<\/li><\/ul><p>Dendrochronology study:<\/p><ul><li>Fabien Langenegger (<a href=\"https:\/\/www.ne.ch\/autorites\/DESC\/SCNE\/organisation\/Pages\/opan.aspx\">Office de l\u2019arch\u00e9ologie et du Patrimoine du canton de Neuch\u00e2tel, OPAN<\/a>).<\/li><\/ul><p>Work carried out with the collaboration of:<\/p><ul><li><a href=\"https:\/\/www.csic.es\/\">CSIC<\/a><\/li><li><a href=\"https:\/\/maritimearchaeologytrust.org\/\">Maritime Archaeology Trust<\/a><\/li><li><a href=\"https:\/\/www.isula.corsica\/\">Collectivit\u00e9 de Corse<\/a><\/li><li><a href=\"https:\/\/www.culture.gouv.fr\/en\/Documentation-space\/Inventory-of-Information-Resources\/Centres-de-recherches\/Department-of-Underwater-Archaeological-Research-DRASSM\">DRASSM (Minist\u00e8re de la Culture)<\/a><\/li><li><a href=\"https:\/\/rea.ec.europa.eu\/funding-and-grants\/horizon-europe-marie-sklodowska-curie-actions_en\">Marie Sklodwska Curie Actions (UE, Horizon 2020)<\/a><\/li><li><a href=\"https:\/\/www.sorbonne-universite.fr\/\">Sorbonne Universit\u00e9<\/a><\/li><li><a href=\"https:\/\/aingurak.es\/\">Aingurak<\/a><\/li><li><a href=\"https:\/\/aquanaute.eu\/index.php\/fr\/\">Aquanaute<\/a><\/li><li><a href=\"https:\/\/dispi.unige.it\/node\/1820\">Laboratorio di Storia Marittima e Navale, Universit\u00e0 di Genova<\/a><\/li><li><a href=\"https:\/\/www.mairiedesaintflorent.fr\/\">Ville de Saint-Florent<\/a><\/li><li><a href=\"https:\/\/latenium.ch\/en\/\">Lat\u00e9nium<\/a><\/li><\/ul>\t\t\t\t\t\t<\/div>\n\t\t\t\t<\/div>\n\t\t\t\t\t<\/div>\n\t\t<\/div>\n\t\t\t\t\t\t\t<\/div>\n\t\t<\/section>\n\t\t\t\t\t\t\t<\/div>\n\t\t","protected":false},"excerpt":{"rendered":"<p>bibliography Milanese, Marco, 2023, \u00ab Post-Medieval Wrecks in the Western Mediterranean and Pottery: The Mortella II Wreck (1527) and the Chronology of Montelupo Tin-Glazed Earthenware \u00bb, Heritage 6, no. 2, p. 2056-2078. https:\/\/doi.org\/10.3390\/heritage6020111 (\u00faltimo acceso: 11 de mayo de 2023) Cazenave de la Roche, Arnaud, and Ciacchella, Fabrizio. 2023. \u00ab The Mortella II Wreck, a &hellip;<\/p>\n<p class=\"read-more\"> <a class=\"\" href=\"https:\/\/usig-proyectos.cchs.csic.es\/mortella\/credits\/\"> <span class=\"screen-reader-text\">credits<\/span> Leer m\u00e1s &raquo;<\/a><\/p>\n","protected":false},"author":1,"featured_media":0,"parent":0,"menu_order":0,"comment_status":"closed","ping_status":"closed","template":"","meta":{"_eb_attr":"","site-sidebar-layout":"no-sidebar","site-content-layout":"page-builder","ast-global-header-display":"","ast-banner-title-visibility":"","ast-main-header-display":"","ast-hfb-above-header-display":"","ast-hfb-below-header-display":"","ast-hfb-mobile-header-display":"","site-post-title":"disabled","ast-breadcrumbs-content":"","ast-featured-img":"disabled","footer-sml-layout":"","theme-transparent-header-meta":"","adv-header-id-meta":"","stick-header-meta":"","header-above-stick-meta":"","header-main-stick-meta":"","header-below-stick-meta":"","footnotes":""},"_links":{"self":[{"href":"https:\/\/usig-proyectos.cchs.csic.es\/mortella\/wp-json\/wp\/v2\/pages\/2120"}],"collection":[{"href":"https:\/\/usig-proyectos.cchs.csic.es\/mortella\/wp-json\/wp\/v2\/pages"}],"about":[{"href":"https:\/\/usig-proyectos.cchs.csic.es\/mortella\/wp-json\/wp\/v2\/types\/page"}],"author":[{"embeddable":true,"href":"https:\/\/usig-proyectos.cchs.csic.es\/mortella\/wp-json\/wp\/v2\/users\/1"}],"replies":[{"embeddable":true,"href":"https:\/\/usig-proyectos.cchs.csic.es\/mortella\/wp-json\/wp\/v2\/comments?post=2120"}],"version-history":[{"count":12,"href":"https:\/\/usig-proyectos.cchs.csic.es\/mortella\/wp-json\/wp\/v2\/pages\/2120\/revisions"}],"predecessor-version":[{"id":2352,"href":"https:\/\/usig-proyectos.cchs.csic.es\/mortella\/wp-json\/wp\/v2\/pages\/2120\/revisions\/2352"}],"wp:attachment":[{"href":"https:\/\/usig-proyectos.cchs.csic.es\/mortella\/wp-json\/wp\/v2\/media?parent=2120"}],"curies":[{"name":"wp","href":"https:\/\/api.w.org\/{rel}","templated":true}]}}